{"id":1641,"date":"2019-11-23T13:53:44","date_gmt":"2019-11-23T12:53:44","guid":{"rendered":"https:\/\/www.visim.eu\/faq\/"},"modified":"2026-04-15T17:59:17","modified_gmt":"2026-04-15T15:59:17","slug":"faq-it","status":"publish","type":"page","link":"https:\/\/www.visim.eu\/it\/faq-it\/","title":{"rendered":"FAQ I"},"content":{"rendered":"\t\t<div data-elementor-type=\"wp-page\" data-elementor-id=\"1641\" class=\"elementor elementor-1641\" data-elementor-post-type=\"page\">\n\t\t\t\t\t\t<section class=\"elementor-section elementor-top-section elementor-element elementor-element-6d0bc9c elementor-section-full_width elementor-section-stretched elementor-section-height-default elementor-section-height-default\" data-id=\"6d0bc9c\" data-element_type=\"section\" data-e-type=\"section\" data-settings=\"{&quot;stretch_section&quot;:&quot;section-stretched&quot;}\">\n\t\t\t\t\t\t<div class=\"elementor-container elementor-column-gap-no\">\n\t\t\t\t\t<div class=\"elementor-column elementor-col-100 elementor-top-column elementor-element elementor-element-5bf25fd\" data-id=\"5bf25fd\" data-element_type=\"column\" data-e-type=\"column\">\n\t\t\t<div class=\"elementor-widget-wrap elementor-element-populated\">\n\t\t\t\t\t\t<div class=\"elementor-element elementor-element-d206c09 elementor-widget elementor-widget-image\" data-id=\"d206c09\" data-element_type=\"widget\" data-e-type=\"widget\" data-widget_type=\"image.default\">\n\t\t\t\t<div class=\"elementor-widget-container\">\n\t\t\t\t\t\t\t\t\t\t\t\t\t\t\t<img fetchpriority=\"high\" decoding=\"async\" width=\"2500\" height=\"700\" src=\"https:\/\/www.visim.eu\/wp-content\/uploads\/2026\/04\/Header-Faq-2500x700-1-1.jpg\" class=\"attachment-full size-full wp-image-11609\" alt=\"\" srcset=\"https:\/\/www.visim.eu\/wp-content\/uploads\/2026\/04\/Header-Faq-2500x700-1-1.jpg 2500w, https:\/\/www.visim.eu\/wp-content\/uploads\/2026\/04\/Header-Faq-2500x700-1-1-300x84.jpg 300w, https:\/\/www.visim.eu\/wp-content\/uploads\/2026\/04\/Header-Faq-2500x700-1-1-1024x287.jpg 1024w, https:\/\/www.visim.eu\/wp-content\/uploads\/2026\/04\/Header-Faq-2500x700-1-1-768x215.jpg 768w, https:\/\/www.visim.eu\/wp-content\/uploads\/2026\/04\/Header-Faq-2500x700-1-1-1536x430.jpg 1536w, https:\/\/www.visim.eu\/wp-content\/uploads\/2026\/04\/Header-Faq-2500x700-1-1-2048x573.jpg 2048w, https:\/\/www.visim.eu\/wp-content\/uploads\/2026\/04\/Header-Faq-2500x700-1-1-1000x280.jpg 1000w, https:\/\/www.visim.eu\/wp-content\/uploads\/2026\/04\/Header-Faq-2500x700-1-1-230x64.jpg 230w, https:\/\/www.visim.eu\/wp-content\/uploads\/2026\/04\/Header-Faq-2500x700-1-1-350x98.jpg 350w, https:\/\/www.visim.eu\/wp-content\/uploads\/2026\/04\/Header-Faq-2500x700-1-1-480x134.jpg 480w\" sizes=\"(max-width: 2500px) 100vw, 2500px\" \/>\t\t\t\t\t\t\t\t\t\t\t\t\t\t\t<\/div>\n\t\t\t\t<\/div>\n\t\t\t\t\t<\/div>\n\t\t<\/div>\n\t\t\t\t\t<\/div>\n\t\t<\/section>\n\t\t\t\t<section class=\"elementor-section elementor-top-section elementor-element elementor-element-5997294 elementor-section-stretched elementor-section-boxed elementor-section-height-default elementor-section-height-default\" data-id=\"5997294\" data-element_type=\"section\" data-e-type=\"section\" data-settings=\"{&quot;stretch_section&quot;:&quot;section-stretched&quot;}\">\n\t\t\t\t\t\t<div class=\"elementor-container elementor-column-gap-default\">\n\t\t\t\t\t<div class=\"elementor-column elementor-col-100 elementor-top-column elementor-element elementor-element-f03dfb6\" data-id=\"f03dfb6\" data-element_type=\"column\" data-e-type=\"column\">\n\t\t\t<div class=\"elementor-widget-wrap elementor-element-populated\">\n\t\t\t\t\t\t<div class=\"elementor-element elementor-element-f4fce01 elementor-widget elementor-widget-text-editor\" data-id=\"f4fce01\" data-element_type=\"widget\" data-e-type=\"widget\" data-widget_type=\"text-editor.default\">\n\t\t\t\t<div class=\"elementor-widget-container\">\n\t\t\t\t\t\t\t\t\t<div class=\"vc_row wpb_row vc_row-fluid\"><div class=\"wpb_column vc_column_container vc_col-sm-12\"><div class=\"vc_column-inner \"><div class=\"wpb_wrapper\"><div class=\"wpb_text_column wpb_content_element \"><div class=\"wpb_wrapper\"><h2 style=\"text-align: left;\">Domande frequenti<\/h2><h5 style=\"text-align: left;\">La sua domanda non \u00e8 presente? Non esiti a contattarci.<\/h5><\/div><\/div><\/div><\/div><\/div><\/div>\t\t\t\t\t\t\t\t<\/div>\n\t\t\t\t<\/div>\n\t\t\t\t\t<\/div>\n\t\t<\/div>\n\t\t\t\t\t<\/div>\n\t\t<\/section>\n\t\t\t\t<section class=\"elementor-section elementor-top-section elementor-element elementor-element-69865d3 elementor-section-stretched elementor-section-boxed elementor-section-height-default elementor-section-height-default\" data-id=\"69865d3\" data-element_type=\"section\" data-e-type=\"section\" data-settings=\"{&quot;stretch_section&quot;:&quot;section-stretched&quot;}\">\n\t\t\t\t\t\t<div class=\"elementor-container elementor-column-gap-default\">\n\t\t\t\t\t<div class=\"elementor-column elementor-col-100 elementor-top-column elementor-element elementor-element-15304d1\" data-id=\"15304d1\" data-element_type=\"column\" data-e-type=\"column\">\n\t\t\t<div class=\"elementor-widget-wrap elementor-element-populated\">\n\t\t\t\t\t\t<div class=\"elementor-element elementor-element-47130a5 elementor-widget elementor-widget-accordion\" data-id=\"47130a5\" data-element_type=\"widget\" data-e-type=\"widget\" data-widget_type=\"accordion.default\">\n\t\t\t\t<div class=\"elementor-widget-container\">\n\t\t\t\t\t\t\t<div class=\"elementor-accordion\">\n\t\t\t\t\t\t\t<div class=\"elementor-accordion-item\">\n\t\t\t\t\t<div id=\"elementor-tab-title-7451\" class=\"elementor-tab-title\" data-tab=\"1\" role=\"button\" aria-controls=\"elementor-tab-content-7451\" aria-expanded=\"false\">\n\t\t\t\t\t\t\t\t\t\t\t\t\t<span class=\"elementor-accordion-icon elementor-accordion-icon-left\" aria-hidden=\"true\">\n\t\t\t\t\t\t\t\t\t\t\t\t\t\t\t<span class=\"elementor-accordion-icon-closed\"><i class=\"fas fa-arrow-right\"><\/i><\/span>\n\t\t\t\t\t\t\t\t<span class=\"elementor-accordion-icon-opened\"><i class=\"fas fa-arrow-down\"><\/i><\/span>\n\t\t\t\t\t\t\t\t\t\t\t\t\t\t<\/span>\n\t\t\t\t\t\t\t\t\t\t\t\t<a class=\"elementor-accordion-title\" tabindex=\"0\">Come vengono realizzate le immagini 3D?<\/a>\n\t\t\t\t\t<\/div>\n\t\t\t\t\t<div id=\"elementor-tab-content-7451\" class=\"elementor-tab-content elementor-clearfix\" data-tab=\"1\" role=\"region\" aria-labelledby=\"elementor-tab-title-7451\"><p>La realizzazione di un tour virtuale 3D o di una visualizzazione a 360\u00b0 da parte di visim si articola in tre fasi di lavoro:<\/p><ol><li><strong>\u00a0Sopralluogo iniziale<\/strong><br \/>Dopo un colloquio personale, durante il quale vengono discusse le vostre esigenze e adattate al vostro progetto, concordiamo un appuntamento per effettuare le riprese in loco.<\/li><li><strong>Scansione 3D<\/strong><br \/>Segue quindi la scansione, che pu\u00f2 richiedere alcune ore. Pu\u00f2 anche essere distribuita su pi\u00f9 giorni, a seconda delle condizioni meteorologiche e di luce.<\/li><li><strong>Post-produzione<\/strong><br \/>Nella terza e ultima fase, in post-produzione, vengono ricontrollati tutti i punti, effettuate le regolazioni, inseriti i punti informativi, ecc\u2026 Successivamente vi mettiamo a disposizione le vostre riprese tramite link.<\/li><\/ol><\/div>\n\t\t\t\t<\/div>\n\t\t\t\t\t\t\t<div class=\"elementor-accordion-item\">\n\t\t\t\t\t<div id=\"elementor-tab-title-7452\" class=\"elementor-tab-title\" data-tab=\"2\" role=\"button\" aria-controls=\"elementor-tab-content-7452\" aria-expanded=\"false\">\n\t\t\t\t\t\t\t\t\t\t\t\t\t<span class=\"elementor-accordion-icon elementor-accordion-icon-left\" aria-hidden=\"true\">\n\t\t\t\t\t\t\t\t\t\t\t\t\t\t\t<span class=\"elementor-accordion-icon-closed\"><i class=\"fas fa-arrow-right\"><\/i><\/span>\n\t\t\t\t\t\t\t\t<span class=\"elementor-accordion-icon-opened\"><i class=\"fas fa-arrow-down\"><\/i><\/span>\n\t\t\t\t\t\t\t\t\t\t\t\t\t\t<\/span>\n\t\t\t\t\t\t\t\t\t\t\t\t<a class=\"elementor-accordion-title\" tabindex=\"0\">Quale tecnologia viene utilizzata?<\/a>\n\t\t\t\t\t<\/div>\n\t\t\t\t\t<div id=\"elementor-tab-content-7452\" class=\"elementor-tab-content elementor-clearfix\" data-tab=\"2\" role=\"region\" aria-labelledby=\"elementor-tab-title-7452\"><p>Uno speciale scanner 3D (Lidar) e un software proprietario acquisiscono l&#8217;ambiente circostante. L&#8217;elevata velocit\u00e0 di misurazione consente di produrre rilievi completi in breve tempo e di acquisire anche geometrie complesse.<\/p><\/div>\n\t\t\t\t<\/div>\n\t\t\t\t\t\t\t<div class=\"elementor-accordion-item\">\n\t\t\t\t\t<div id=\"elementor-tab-title-7453\" class=\"elementor-tab-title\" data-tab=\"3\" role=\"button\" aria-controls=\"elementor-tab-content-7453\" aria-expanded=\"false\">\n\t\t\t\t\t\t\t\t\t\t\t\t\t<span class=\"elementor-accordion-icon elementor-accordion-icon-left\" aria-hidden=\"true\">\n\t\t\t\t\t\t\t\t\t\t\t\t\t\t\t<span class=\"elementor-accordion-icon-closed\"><i class=\"fas fa-arrow-right\"><\/i><\/span>\n\t\t\t\t\t\t\t\t<span class=\"elementor-accordion-icon-opened\"><i class=\"fas fa-arrow-down\"><\/i><\/span>\n\t\t\t\t\t\t\t\t\t\t\t\t\t\t<\/span>\n\t\t\t\t\t\t\t\t\t\t\t\t<a class=\"elementor-accordion-title\" tabindex=\"0\">Quali dati sono necessari per preparare un preventivo?<\/a>\n\t\t\t\t\t<\/div>\n\t\t\t\t\t<div id=\"elementor-tab-content-7453\" class=\"elementor-tab-content elementor-clearfix\" data-tab=\"3\" role=\"region\" aria-labelledby=\"elementor-tab-title-7453\"><p>In linea di massima non abbiamo bisogno di documentazione specifica. \u00c8 sufficiente un sopralluogo o le seguenti informazioni:<br \/>\u2022 Ubicazione<br \/>\u2022 Superficie in metri quadrati<br \/>\u2022 Numero di stanze e piani<br \/>\u2022 Una breve descrizione delle condizioni di illuminazione.<br \/>\u2022 Caratteristiche particolari dell&#8217;arredamento: molti specchi, elementi in vetro o oggetti particolari, come ad esempio quadri, di cui \u00e8 importante fornire un&#8217;immagine.<br \/>\u2022 Informazioni relative all&#8217;afflusso di pubblico<br \/>Per immobili di grandi dimensioni \u00e8 indispensabile un sopralluogo di persona.<\/p><\/div>\n\t\t\t\t<\/div>\n\t\t\t\t\t\t\t<div class=\"elementor-accordion-item\">\n\t\t\t\t\t<div id=\"elementor-tab-title-7454\" class=\"elementor-tab-title\" data-tab=\"4\" role=\"button\" aria-controls=\"elementor-tab-content-7454\" aria-expanded=\"false\">\n\t\t\t\t\t\t\t\t\t\t\t\t\t<span class=\"elementor-accordion-icon elementor-accordion-icon-left\" aria-hidden=\"true\">\n\t\t\t\t\t\t\t\t\t\t\t\t\t\t\t<span class=\"elementor-accordion-icon-closed\"><i class=\"fas fa-arrow-right\"><\/i><\/span>\n\t\t\t\t\t\t\t\t<span class=\"elementor-accordion-icon-opened\"><i class=\"fas fa-arrow-down\"><\/i><\/span>\n\t\t\t\t\t\t\t\t\t\t\t\t\t\t<\/span>\n\t\t\t\t\t\t\t\t\t\t\t\t<a class=\"elementor-accordion-title\" tabindex=\"0\">\u00c8 possibile modificare qualcosa in una visualizzazione?<\/a>\n\t\t\t\t\t<\/div>\n\t\t\t\t\t<div id=\"elementor-tab-content-7454\" class=\"elementor-tab-content elementor-clearfix\" data-tab=\"4\" role=\"region\" aria-labelledby=\"elementor-tab-title-7454\"><p>S\u00ec, \u00e8 possibile apportare modifiche; basta semplicemente registrare nuovamente la parte modificata.<\/p><\/div>\n\t\t\t\t<\/div>\n\t\t\t\t\t\t\t<div class=\"elementor-accordion-item\">\n\t\t\t\t\t<div id=\"elementor-tab-title-7455\" class=\"elementor-tab-title\" data-tab=\"5\" role=\"button\" aria-controls=\"elementor-tab-content-7455\" aria-expanded=\"false\">\n\t\t\t\t\t\t\t\t\t\t\t\t\t<span class=\"elementor-accordion-icon elementor-accordion-icon-left\" aria-hidden=\"true\">\n\t\t\t\t\t\t\t\t\t\t\t\t\t\t\t<span class=\"elementor-accordion-icon-closed\"><i class=\"fas fa-arrow-right\"><\/i><\/span>\n\t\t\t\t\t\t\t\t<span class=\"elementor-accordion-icon-opened\"><i class=\"fas fa-arrow-down\"><\/i><\/span>\n\t\t\t\t\t\t\t\t\t\t\t\t\t\t<\/span>\n\t\t\t\t\t\t\t\t\t\t\t\t<a class=\"elementor-accordion-title\" tabindex=\"0\">Dove vengono salvati i miei dati personali?<\/a>\n\t\t\t\t\t<\/div>\n\t\t\t\t\t<div id=\"elementor-tab-content-7455\" class=\"elementor-tab-content elementor-clearfix\" data-tab=\"5\" role=\"region\" aria-labelledby=\"elementor-tab-title-7455\"><p>In primo luogo, i vostri dati 3D e le vostre foto vengono salvati sull&#8217;iPad collegato alla fotocamera. Per l&#8217;ulteriore elaborazione, questi dati vengono trasferiti a un sistema cloud appositamente protetto per il rendering.<br \/>L\u00ec i dati vengono elaborati e il modello calcolato viene salvato per la visualizzazione. Tutte le informazioni e i dati vengono trattati con la massima cura e riservatezza. Inoltre, garantiamo la sicurezza dei dati tramite diversi backup.<\/p><\/div>\n\t\t\t\t<\/div>\n\t\t\t\t\t\t\t<div class=\"elementor-accordion-item\">\n\t\t\t\t\t<div id=\"elementor-tab-title-7456\" class=\"elementor-tab-title\" data-tab=\"6\" role=\"button\" aria-controls=\"elementor-tab-content-7456\" aria-expanded=\"false\">\n\t\t\t\t\t\t\t\t\t\t\t\t\t<span class=\"elementor-accordion-icon elementor-accordion-icon-left\" aria-hidden=\"true\">\n\t\t\t\t\t\t\t\t\t\t\t\t\t\t\t<span class=\"elementor-accordion-icon-closed\"><i class=\"fas fa-arrow-right\"><\/i><\/span>\n\t\t\t\t\t\t\t\t<span class=\"elementor-accordion-icon-opened\"><i class=\"fas fa-arrow-down\"><\/i><\/span>\n\t\t\t\t\t\t\t\t\t\t\t\t\t\t<\/span>\n\t\t\t\t\t\t\t\t\t\t\t\t<a class=\"elementor-accordion-title\" tabindex=\"0\">Chi pu\u00f2 vedere i miei tour?<\/a>\n\t\t\t\t\t<\/div>\n\t\t\t\t\t<div id=\"elementor-tab-content-7456\" class=\"elementor-tab-content elementor-clearfix\" data-tab=\"6\" role=\"region\" aria-labelledby=\"elementor-tab-title-7456\"><p>La decisione spetta ovviamente a voi. Una volta completata la post-produzione, inizialmente solo voi avrete accesso alla vostra registrazione.<br \/>Potete rendere la registrazione accessibile al pubblico sul vostro sito web o in un&#8217;area protetta con login.<\/p><\/div>\n\t\t\t\t<\/div>\n\t\t\t\t\t\t\t<div class=\"elementor-accordion-item\">\n\t\t\t\t\t<div id=\"elementor-tab-title-7457\" class=\"elementor-tab-title\" data-tab=\"7\" role=\"button\" aria-controls=\"elementor-tab-content-7457\" aria-expanded=\"false\">\n\t\t\t\t\t\t\t\t\t\t\t\t\t<span class=\"elementor-accordion-icon elementor-accordion-icon-left\" aria-hidden=\"true\">\n\t\t\t\t\t\t\t\t\t\t\t\t\t\t\t<span class=\"elementor-accordion-icon-closed\"><i class=\"fas fa-arrow-right\"><\/i><\/span>\n\t\t\t\t\t\t\t\t<span class=\"elementor-accordion-icon-opened\"><i class=\"fas fa-arrow-down\"><\/i><\/span>\n\t\t\t\t\t\t\t\t\t\t\t\t\t\t<\/span>\n\t\t\t\t\t\t\t\t\t\t\t\t<a class=\"elementor-accordion-title\" tabindex=\"0\">Il mio tour pu\u00f2 essere salvato senza il mio consenso?<\/a>\n\t\t\t\t\t<\/div>\n\t\t\t\t\t<div id=\"elementor-tab-content-7457\" class=\"elementor-tab-content elementor-clearfix\" data-tab=\"7\" role=\"region\" aria-labelledby=\"elementor-tab-title-7457\"><p>No: non \u00e8 possibile salvare i dati localmente tramite la visualizzazione nel browser web, poich\u00e9 la visualizzazione viene generata dinamicamente.<\/p><\/div>\n\t\t\t\t<\/div>\n\t\t\t\t\t\t\t<div class=\"elementor-accordion-item\">\n\t\t\t\t\t<div id=\"elementor-tab-title-7458\" class=\"elementor-tab-title\" data-tab=\"8\" role=\"button\" aria-controls=\"elementor-tab-content-7458\" aria-expanded=\"false\">\n\t\t\t\t\t\t\t\t\t\t\t\t\t<span class=\"elementor-accordion-icon elementor-accordion-icon-left\" aria-hidden=\"true\">\n\t\t\t\t\t\t\t\t\t\t\t\t\t\t\t<span class=\"elementor-accordion-icon-closed\"><i class=\"fas fa-arrow-right\"><\/i><\/span>\n\t\t\t\t\t\t\t\t<span class=\"elementor-accordion-icon-opened\"><i class=\"fas fa-arrow-down\"><\/i><\/span>\n\t\t\t\t\t\t\t\t\t\t\t\t\t\t<\/span>\n\t\t\t\t\t\t\t\t\t\t\t\t<a class=\"elementor-accordion-title\" tabindex=\"0\">Quanto costa una visualizzazione 3D?<\/a>\n\t\t\t\t\t<\/div>\n\t\t\t\t\t<div id=\"elementor-tab-content-7458\" class=\"elementor-tab-content elementor-clearfix\" data-tab=\"8\" role=\"region\" aria-labelledby=\"elementor-tab-title-7458\"><p>Non \u00e8 possibile dare una risposta generica. Ogni immobile e ogni ripresa sono unici. Il prezzo dipende da diversi fattori, come ad esempio le dimensioni, il numero di piani e gli spazi esterni.<br \/>Un tour virtuale in 3D per un appartamento parte da circa 400-500 euro, mentre per un complesso alberghiero si arriva a cifre a quattro zeri.<\/p><\/div>\n\t\t\t\t<\/div>\n\t\t\t\t\t\t\t<div class=\"elementor-accordion-item\">\n\t\t\t\t\t<div id=\"elementor-tab-title-7459\" class=\"elementor-tab-title\" data-tab=\"9\" role=\"button\" aria-controls=\"elementor-tab-content-7459\" aria-expanded=\"false\">\n\t\t\t\t\t\t\t\t\t\t\t\t\t<span class=\"elementor-accordion-icon elementor-accordion-icon-left\" aria-hidden=\"true\">\n\t\t\t\t\t\t\t\t\t\t\t\t\t\t\t<span class=\"elementor-accordion-icon-closed\"><i class=\"fas fa-arrow-right\"><\/i><\/span>\n\t\t\t\t\t\t\t\t<span class=\"elementor-accordion-icon-opened\"><i class=\"fas fa-arrow-down\"><\/i><\/span>\n\t\t\t\t\t\t\t\t\t\t\t\t\t\t<\/span>\n\t\t\t\t\t\t\t\t\t\t\t\t<a class=\"elementor-accordion-title\" tabindex=\"0\">Posso integrare un tour virtuale in 3D nel mio progetto di costruzione?<\/a>\n\t\t\t\t\t<\/div>\n\t\t\t\t\t<div id=\"elementor-tab-content-7459\" class=\"elementor-tab-content elementor-clearfix\" data-tab=\"9\" role=\"region\" aria-labelledby=\"elementor-tab-title-7459\"><p>Certamente! Possiamo salvare qualsiasi oggetto o ambiente come file OBJ. Basta poi caricare il file nel vostro programma 3D (AutoCAD, Inventor, Recab, ecc.) e iniziare a lavorare.<br \/>Se \u00e8 richiesta la massima precisione, su richiesta offriamo anche rilievi tramite sistema LIDAR (Leica BLK360 o altri).<\/p><\/div>\n\t\t\t\t<\/div>\n\t\t\t\t\t\t\t\t<\/div>\n\t\t\t\t\t\t<\/div>\n\t\t\t\t<\/div>\n\t\t\t\t\t<\/div>\n\t\t<\/div>\n\t\t\t\t\t<\/div>\n\t\t<\/section>\n\t\t\t\t<\/div>\n\t\t","protected":false},"excerpt":{"rendered":"<p>Domande frequenti La sua domanda non \u00e8 presente? Non esiti a contattarci. Come vengono realizzate le immagini 3D? La realizzazione di un [&hellip;]<\/p>\n","protected":false},"author":1,"featured_media":785,"parent":0,"menu_order":0,"comment_status":"closed","ping_status":"closed","template":"","meta":{"_monsterinsights_skip_tracking":false,"_monsterinsights_sitenote_active":false,"_monsterinsights_sitenote_note":"","_monsterinsights_sitenote_category":0,"footnotes":""},"class_list":["post-1641","page","type-page","status-publish","has-post-thumbnail","hentry"],"yoast_head":"<!-- This site is optimized with the Yoast SEO Premium plugin v27.4 (Yoast SEO v27.5) - https:\/\/yoast.com\/product\/yoast-seo-premium-wordpress\/ -->\n<title>FAQ I - visim.eu<\/title>\n<meta name=\"robots\" content=\"index, follow, max-snippet:-1, max-image-preview:large, max-video-preview:-1\" \/>\n<link rel=\"canonical\" href=\"https:\/\/www.visim.eu\/it\/faq-it\/\" \/>\n<meta property=\"og:locale\" content=\"it_IT\" \/>\n<meta property=\"og:type\" content=\"article\" \/>\n<meta property=\"og:title\" content=\"FAQ I\" \/>\n<meta property=\"og:description\" content=\"Domande frequenti La sua domanda non \u00e8 presente? Non esiti a contattarci. Come vengono realizzate le immagini 3D? La realizzazione di un [&hellip;]\" \/>\n<meta property=\"og:url\" content=\"https:\/\/www.visim.eu\/it\/faq-it\/\" \/>\n<meta property=\"og:site_name\" content=\"visim.eu\" \/>\n<meta property=\"article:publisher\" content=\"https:\/\/www.facebook.com\/visim.eu\" \/>\n<meta property=\"article:modified_time\" content=\"2026-04-15T15:59:17+00:00\" \/>\n<meta property=\"og:image\" content=\"https:\/\/www.visim.eu\/wp-content\/uploads\/2019\/11\/Team_Nov19_35_Header_2000x700.jpg\" \/>\n\t<meta property=\"og:image:width\" content=\"4724\" \/>\n\t<meta property=\"og:image:height\" content=\"1653\" \/>\n\t<meta property=\"og:image:type\" content=\"image\/jpeg\" \/>\n<meta name=\"twitter:card\" content=\"summary_large_image\" \/>\n<meta name=\"twitter:label1\" content=\"Tempo di lettura stimato\" \/>\n\t<meta name=\"twitter:data1\" content=\"4 minuti\" \/>\n<script type=\"application\/ld+json\" class=\"yoast-schema-graph\">{\"@context\":\"https:\\\/\\\/schema.org\",\"@graph\":[{\"@type\":\"WebPage\",\"@id\":\"https:\\\/\\\/www.visim.eu\\\/it\\\/faq-it\\\/\",\"url\":\"https:\\\/\\\/www.visim.eu\\\/it\\\/faq-it\\\/\",\"name\":\"FAQ I - visim.eu\",\"isPartOf\":{\"@id\":\"https:\\\/\\\/www.visim.eu\\\/#website\"},\"primaryImageOfPage\":{\"@id\":\"https:\\\/\\\/www.visim.eu\\\/it\\\/faq-it\\\/#primaryimage\"},\"image\":{\"@id\":\"https:\\\/\\\/www.visim.eu\\\/it\\\/faq-it\\\/#primaryimage\"},\"thumbnailUrl\":\"https:\\\/\\\/www.visim.eu\\\/wp-content\\\/uploads\\\/2019\\\/11\\\/Team_Nov19_35_Header_2000x700.jpg\",\"datePublished\":\"2019-11-23T12:53:44+00:00\",\"dateModified\":\"2026-04-15T15:59:17+00:00\",\"breadcrumb\":{\"@id\":\"https:\\\/\\\/www.visim.eu\\\/it\\\/faq-it\\\/#breadcrumb\"},\"inLanguage\":\"it-IT\",\"potentialAction\":[{\"@type\":\"ReadAction\",\"target\":[\"https:\\\/\\\/www.visim.eu\\\/it\\\/faq-it\\\/\"]}]},{\"@type\":\"ImageObject\",\"inLanguage\":\"it-IT\",\"@id\":\"https:\\\/\\\/www.visim.eu\\\/it\\\/faq-it\\\/#primaryimage\",\"url\":\"https:\\\/\\\/www.visim.eu\\\/wp-content\\\/uploads\\\/2019\\\/11\\\/Team_Nov19_35_Header_2000x700.jpg\",\"contentUrl\":\"https:\\\/\\\/www.visim.eu\\\/wp-content\\\/uploads\\\/2019\\\/11\\\/Team_Nov19_35_Header_2000x700.jpg\",\"width\":4724,\"height\":1653},{\"@type\":\"BreadcrumbList\",\"@id\":\"https:\\\/\\\/www.visim.eu\\\/it\\\/faq-it\\\/#breadcrumb\",\"itemListElement\":[{\"@type\":\"ListItem\",\"position\":1,\"name\":\"Startseite\",\"item\":\"https:\\\/\\\/www.visim.eu\\\/it\\\/\"},{\"@type\":\"ListItem\",\"position\":2,\"name\":\"FAQ I\"}]},{\"@type\":\"WebSite\",\"@id\":\"https:\\\/\\\/www.visim.eu\\\/#website\",\"url\":\"https:\\\/\\\/www.visim.eu\\\/\",\"name\":\"Visim.eu\",\"description\":\"\",\"publisher\":{\"@id\":\"https:\\\/\\\/www.visim.eu\\\/#organization\"},\"alternateName\":\"Visim.eu\",\"potentialAction\":[{\"@type\":\"SearchAction\",\"target\":{\"@type\":\"EntryPoint\",\"urlTemplate\":\"https:\\\/\\\/www.visim.eu\\\/?s={search_term_string}\"},\"query-input\":{\"@type\":\"PropertyValueSpecification\",\"valueRequired\":true,\"valueName\":\"search_term_string\"}}],\"inLanguage\":\"it-IT\"},{\"@type\":\"Organization\",\"@id\":\"https:\\\/\\\/www.visim.eu\\\/#organization\",\"name\":\"Visim.eu\",\"url\":\"https:\\\/\\\/www.visim.eu\\\/\",\"logo\":{\"@type\":\"ImageObject\",\"inLanguage\":\"it-IT\",\"@id\":\"https:\\\/\\\/www.visim.eu\\\/#\\\/schema\\\/logo\\\/image\\\/\",\"url\":\"https:\\\/\\\/www.visim.eu\\\/wp-content\\\/uploads\\\/2025\\\/06\\\/visim-Logo-quadratisch.png\",\"contentUrl\":\"https:\\\/\\\/www.visim.eu\\\/wp-content\\\/uploads\\\/2025\\\/06\\\/visim-Logo-quadratisch.png\",\"width\":558,\"height\":558,\"caption\":\"Visim.eu\"},\"image\":{\"@id\":\"https:\\\/\\\/www.visim.eu\\\/#\\\/schema\\\/logo\\\/image\\\/\"},\"sameAs\":[\"https:\\\/\\\/www.facebook.com\\\/visim.eu\",\"https:\\\/\\\/www.linkedin.com\\\/company\\\/visim-eu\"],\"email\":\"info@visim.eu\",\"telephone\":\"0039 0471 362083\",\"foundingDate\":\"2020-01-01\"}]}<\/script>\n<!-- \/ Yoast SEO Premium plugin. -->","yoast_head_json":{"title":"FAQ I - visim.eu","robots":{"index":"index","follow":"follow","max-snippet":"max-snippet:-1","max-image-preview":"max-image-preview:large","max-video-preview":"max-video-preview:-1"},"canonical":"https:\/\/www.visim.eu\/it\/faq-it\/","og_locale":"it_IT","og_type":"article","og_title":"FAQ I","og_description":"Domande frequenti La sua domanda non \u00e8 presente? Non esiti a contattarci. Come vengono realizzate le immagini 3D? La realizzazione di un [&hellip;]","og_url":"https:\/\/www.visim.eu\/it\/faq-it\/","og_site_name":"visim.eu","article_publisher":"https:\/\/www.facebook.com\/visim.eu","article_modified_time":"2026-04-15T15:59:17+00:00","og_image":[{"width":4724,"height":1653,"url":"https:\/\/www.visim.eu\/wp-content\/uploads\/2019\/11\/Team_Nov19_35_Header_2000x700.jpg","type":"image\/jpeg"}],"twitter_card":"summary_large_image","twitter_misc":{"Tempo di lettura stimato":"4 minuti"},"schema":{"@context":"https:\/\/schema.org","@graph":[{"@type":"WebPage","@id":"https:\/\/www.visim.eu\/it\/faq-it\/","url":"https:\/\/www.visim.eu\/it\/faq-it\/","name":"FAQ I - visim.eu","isPartOf":{"@id":"https:\/\/www.visim.eu\/#website"},"primaryImageOfPage":{"@id":"https:\/\/www.visim.eu\/it\/faq-it\/#primaryimage"},"image":{"@id":"https:\/\/www.visim.eu\/it\/faq-it\/#primaryimage"},"thumbnailUrl":"https:\/\/www.visim.eu\/wp-content\/uploads\/2019\/11\/Team_Nov19_35_Header_2000x700.jpg","datePublished":"2019-11-23T12:53:44+00:00","dateModified":"2026-04-15T15:59:17+00:00","breadcrumb":{"@id":"https:\/\/www.visim.eu\/it\/faq-it\/#breadcrumb"},"inLanguage":"it-IT","potentialAction":[{"@type":"ReadAction","target":["https:\/\/www.visim.eu\/it\/faq-it\/"]}]},{"@type":"ImageObject","inLanguage":"it-IT","@id":"https:\/\/www.visim.eu\/it\/faq-it\/#primaryimage","url":"https:\/\/www.visim.eu\/wp-content\/uploads\/2019\/11\/Team_Nov19_35_Header_2000x700.jpg","contentUrl":"https:\/\/www.visim.eu\/wp-content\/uploads\/2019\/11\/Team_Nov19_35_Header_2000x700.jpg","width":4724,"height":1653},{"@type":"BreadcrumbList","@id":"https:\/\/www.visim.eu\/it\/faq-it\/#breadcrumb","itemListElement":[{"@type":"ListItem","position":1,"name":"Startseite","item":"https:\/\/www.visim.eu\/it\/"},{"@type":"ListItem","position":2,"name":"FAQ I"}]},{"@type":"WebSite","@id":"https:\/\/www.visim.eu\/#website","url":"https:\/\/www.visim.eu\/","name":"Visim.eu","description":"","publisher":{"@id":"https:\/\/www.visim.eu\/#organization"},"alternateName":"Visim.eu","potentialAction":[{"@type":"SearchAction","target":{"@type":"EntryPoint","urlTemplate":"https:\/\/www.visim.eu\/?s={search_term_string}"},"query-input":{"@type":"PropertyValueSpecification","valueRequired":true,"valueName":"search_term_string"}}],"inLanguage":"it-IT"},{"@type":"Organization","@id":"https:\/\/www.visim.eu\/#organization","name":"Visim.eu","url":"https:\/\/www.visim.eu\/","logo":{"@type":"ImageObject","inLanguage":"it-IT","@id":"https:\/\/www.visim.eu\/#\/schema\/logo\/image\/","url":"https:\/\/www.visim.eu\/wp-content\/uploads\/2025\/06\/visim-Logo-quadratisch.png","contentUrl":"https:\/\/www.visim.eu\/wp-content\/uploads\/2025\/06\/visim-Logo-quadratisch.png","width":558,"height":558,"caption":"Visim.eu"},"image":{"@id":"https:\/\/www.visim.eu\/#\/schema\/logo\/image\/"},"sameAs":["https:\/\/www.facebook.com\/visim.eu","https:\/\/www.linkedin.com\/company\/visim-eu"],"email":"info@visim.eu","telephone":"0039 0471 362083","foundingDate":"2020-01-01"}]}},"_links":{"self":[{"href":"https:\/\/www.visim.eu\/it\/wp-json\/wp\/v2\/pages\/1641","targetHints":{"allow":["GET"]}}],"collection":[{"href":"https:\/\/www.visim.eu\/it\/wp-json\/wp\/v2\/pages"}],"about":[{"href":"https:\/\/www.visim.eu\/it\/wp-json\/wp\/v2\/types\/page"}],"author":[{"embeddable":true,"href":"https:\/\/www.visim.eu\/it\/wp-json\/wp\/v2\/users\/1"}],"replies":[{"embeddable":true,"href":"https:\/\/www.visim.eu\/it\/wp-json\/wp\/v2\/comments?post=1641"}],"version-history":[{"count":5,"href":"https:\/\/www.visim.eu\/it\/wp-json\/wp\/v2\/pages\/1641\/revisions"}],"predecessor-version":[{"id":11618,"href":"https:\/\/www.visim.eu\/it\/wp-json\/wp\/v2\/pages\/1641\/revisions\/11618"}],"wp:featuredmedia":[{"embeddable":true,"href":"https:\/\/www.visim.eu\/it\/wp-json\/wp\/v2\/media\/785"}],"wp:attachment":[{"href":"https:\/\/www.visim.eu\/it\/wp-json\/wp\/v2\/media?parent=1641"}],"curies":[{"name":"wp","href":"https:\/\/api.w.org\/{rel}","templated":true}]}}