{"id":150,"date":"2019-10-27T16:40:42","date_gmt":"2019-10-27T15:40:42","guid":{"rendered":"http:\/\/www.visim.eu\/150-2\/"},"modified":"2020-10-19T09:08:17","modified_gmt":"2020-10-19T07:08:17","slug":"privacy-it","status":"publish","type":"page","link":"https:\/\/www.visim.eu\/it\/privacy-it\/","title":{"rendered":"Privacy I"},"content":{"rendered":"\t\t<div data-elementor-type=\"wp-page\" data-elementor-id=\"150\" class=\"elementor elementor-150\" data-elementor-post-type=\"page\">\n\t\t\t\t\t\t<section class=\"elementor-section elementor-top-section elementor-element elementor-element-274a5ab8 elementor-section-boxed elementor-section-height-default elementor-section-height-default\" data-id=\"274a5ab8\" data-element_type=\"section\" data-e-type=\"section\">\n\t\t\t\t\t\t<div class=\"elementor-container elementor-column-gap-default\">\n\t\t\t\t\t<div class=\"elementor-column elementor-col-100 elementor-top-column elementor-element elementor-element-2a279365\" data-id=\"2a279365\" data-element_type=\"column\" data-e-type=\"column\">\n\t\t\t<div class=\"elementor-widget-wrap elementor-element-populated\">\n\t\t\t\t\t\t<div class=\"elementor-element elementor-element-1dfc6360 elementor-widget elementor-widget-text-editor\" data-id=\"1dfc6360\" data-element_type=\"widget\" data-e-type=\"widget\" data-widget_type=\"text-editor.default\">\n\t\t\t\t<div class=\"elementor-widget-container\">\n\t\t\t\t\t\t\t\t\t<p><\/p>\n<h2><strong>Informativa sulla privacy<\/strong><\/h2>\n<p><strong>Generalit\u00e0\u2028<\/strong><br>Norbert Gasser ha sviluppato questa informativa sulla privacy Internet al fine di conformare la propria attivit\u00e0 a quella di soggetto fidato che assicura, rispetta e mantiene il diritto alla privacy dei Visitatori nell\u2019ambiente on-line.\u2028<br>Norbert Gasser \u00e8 il titolare del trattamento dei dati personali eventualmente raccolti attraverso questo sito secondo quanto definito dal Regolamento Europeo GDPR 679\/2016. Il titolare tratter\u00e0 i dati eventualmente raccolti attraverso questo sito web (www.visim.eu) per finalit\u00e0, con modalit\u00e0 e secondo quanto specificamente illustrato nel seguito.<\/p>\n<p><strong>Raccolta dei dati personali e finalit\u00e0 del trattamento\u2028<\/strong><br>Visim.eu raccoglier\u00e0 e tratter\u00e0 solamente dati personali volontariamente forniti dai visitatori di questo sito. I visitatori sono in grado di navigare nel sito anche senza rivelare informazioni e dati personali. Ciascun Visitatore del sito pu\u00f2 scegliere di fornire alla www.visim.eu limitati dati personali secondo quanto richiesto al fine di ottenere informazioni sui nostri servizi.\u2028Una volta registrati, i dati personali raccolti saranno utilizzati solamente per i servizi indicati nell\u2019informativa disponibile.<br>I Visitatori del sito possono fornire i loro dati per:\u2028<br>* richiedere informazioni sui servizi\/prodotti, offerte, preventivi\u2028<br>* acquistare servizi\/prodotti\/buoni d\u2018acquisto<\/p>\n<p><strong>Comunicazione a terzi<\/strong><br>\u2028I dati personali non saranno oggetto di comunicazione ad altre societ\u00e0 senza un Vostro esplicito consenso. I dati personali potranno per\u00f2 essere inviati agli Enti ed Istituti per l\u2019espletamento degli obblighi di legge.\u2028Visim.eu non raccoglie deliberatamente, attraverso il sito web, dati personali sensibili o giudiziari.\u2028 I Dati sensibili, ai sensi dell\u2019art. 4 del Regolamento Europeo GDPR 679\/2016, includono i dati personali idonei a rivelare l\u2019origine razziale ed etnica, le convinzioni religiose, filosofiche o di altro genere, le opinioni politiche, l\u2019adesione a partiti, sindacati, associazioni od organizzazioni a carattere religioso, filosofico, politico o sindacale, nonch\u00e9 i dati personali idonei a rivelare lo stato di salute e la vita sessuale.<\/p>\n<p><strong>Collegamenti con siti terzi\u2028<\/strong><br>Si prega di notare che www.visim.eu pu\u00f2 contenere collegamenti (links) ad altri siti (per es. Matterport) i quali non sono governati da questa policy privacy. I quali titolari rispondono personalmente per l\u2019esatezza\/correttezza della loro homepage.<\/p>\n<p><strong>Conservazione e cancellazione dei dati\u2028<\/strong><br>Le informazioni e i dati personali dei Visitatori raccolti da questo sito, ivi inclusi i dati liberamente forniti al fine di ottenere l\u2019invio di materiale informativo o di altre comunicazioni scrivendo nei moduli di contatto di questo sito, saranno conservati al solo fine di fornire il servizio richiesto e per la durata necessaria al medesimo fine. Una volta completato il servizio, tutti i dati personali saranno distrutti in aderenza alle policy in materia di conservazione dei dati di www.visim.eu (GD2 di Gasser Norbert), salvo diversa richiesta dell\u2019autorit\u00e0 e salvo esigenze di conservazione stabilite dalla legge, per sezioni particolari del presente sito internet, o secondo sue esplicite richieste.<\/p>\n<p><strong>Esercizio dei diritti dell\u2019interessato<\/strong><br>\u2028In qualsiasi momento, ai sensi dell\u2019art. 15 e seguenti del Regolamento Europeo GDPR 679\/2016, sar\u00e0 possibile verificare i propri dati personali raccolti attraverso questo sito ed eventualmente farli correggere, aggiornare o cancellare, o esercitare gli altri diritti riconosciuti per legge, scrivendo o contattando il titolare del trattamento al indirizzo e-mail (<a href=\"mailto:info@visim.eu\">info@visim.eu<\/a>), in via postale con raccomandata con ricevuta di ritorno (GD2 di Norbert Gasser, Via Bolzano 40, 39057 Appiano).<\/p>\n<p><strong>Sicurezza dei dati\u2028<\/strong><br>Vengono applicate le misure di sicurezza tecniche e organizzative necessarie per proteggere i dati personali dalla perdita e dall\u2019uso improprio. Visim.eu protegge i dati personali attraverso l\u2019applicazione di livelli di sicurezza riconosciuti a livello internazionale, nonch\u00e9 attraverso procedure di sicurezza che proteggono i dati personali contro:\u2028* L\u2019accesso non autorizzato\u2028* L\u2019utilizzo improprio o la divulgazione\u2028* La modifica non autorizzata\u2028* La perdita o la distruzione accidentale o causata da atto illecito<\/p>\n<p><strong>Cookie\/Annunci pubblicitari\u2028<\/strong><br>I cookie sono piccoli file di testo che vengono salvati sul computer del visitatore se quello visita determinati siti internet. Per il sito www.visim.eu e relativi sotto-domini utilizziamo cookie, chiedendone il consenso all\u2019utente ove la legge o i regolamenti applicabili lo prevedano, per agevolare la navigazione e personalizzare le informazioni rivolte all\u2019utente. Vengono utilizzati inoltre sistemi per raccogliere informazioni sugli utenti, quali ad esempio indirizzo IP, tipo di browser e sistema operativo utilizzato e\/o pagine web visitate da un utente, per finalit\u00e0 statistiche o di sicurezza. \u2028I cookie non sono dannosi per il computer, tablet o smartphone del visitatore. Nei cookie generati dal sito www.visim.it non vengono conservate dati identificative personali ma solo informazioni criptate.<br>\u2028Utilizzo specifico dei dati personali\u2028La sezione \u201ccontatto\u201d di questo sito offre la possibilit\u00e0 di richiedere informazioni sui servizi, prodotti e richiedere preventivi. Se decidete di inviare i vostri dati personali essi saranno trattati esclusivamente per tali finalit\u00e0 da personale appositamente incaricato e secondo le normali procedure interne.<\/p>\n<p><strong>Minori di anni 16<\/strong><br>\u2028Il sito internet di visim.eu disciplinato da questa policy privacy non \u00e8 finalizzato all\u2019utilizzo da parte di minori di anni 16. Comprendiamo l\u2019importanza di proteggere le informazioni destinate ai minori, specialmente in un ambiente on-line e pertanto non raccogliamo n\u00e9 manteniamo deliberatamente dati personali riferiti a minori.<\/p>\n<p><\/p>\n<p><\/p>\t\t\t\t\t\t\t\t<\/div>\n\t\t\t\t<\/div>\n\t\t\t\t\t<\/div>\n\t\t<\/div>\n\t\t\t\t\t<\/div>\n\t\t<\/section>\n\t\t\t\t<\/div>\n\t\t","protected":false},"excerpt":{"rendered":"<p>Informativa sulla privacy Generalit\u00e0\u2028Norbert Gasser ha sviluppato questa informativa sulla privacy Internet al fine di conformare la propria attivit\u00e0 a quella di [&hellip;]<\/p>\n","protected":false},"author":1,"featured_media":0,"parent":0,"menu_order":0,"comment_status":"closed","ping_status":"closed","template":"","meta":{"_monsterinsights_skip_tracking":false,"_monsterinsights_sitenote_active":false,"_monsterinsights_sitenote_note":"","_monsterinsights_sitenote_category":0,"footnotes":""},"class_list":["post-150","page","type-page","status-publish","hentry"],"yoast_head":"<!-- This site is optimized with the Yoast SEO Premium plugin v27.4 (Yoast SEO v27.5) - https:\/\/yoast.com\/product\/yoast-seo-premium-wordpress\/ -->\n<title>Privacy I - visim.eu<\/title>\n<meta name=\"robots\" content=\"index, follow, max-snippet:-1, max-image-preview:large, max-video-preview:-1\" \/>\n<link rel=\"canonical\" href=\"https:\/\/www.visim.eu\/it\/privacy-it\/\" \/>\n<meta property=\"og:locale\" content=\"it_IT\" \/>\n<meta property=\"og:type\" content=\"article\" \/>\n<meta property=\"og:title\" content=\"Privacy I\" \/>\n<meta property=\"og:description\" content=\"Informativa sulla privacy Generalit\u00e0\u2028Norbert Gasser ha sviluppato questa informativa sulla privacy Internet al fine di conformare la propria attivit\u00e0 a quella di [&hellip;]\" \/>\n<meta property=\"og:url\" content=\"https:\/\/www.visim.eu\/it\/privacy-it\/\" \/>\n<meta property=\"og:site_name\" content=\"visim.eu\" \/>\n<meta property=\"article:publisher\" content=\"https:\/\/www.facebook.com\/visim.eu\" \/>\n<meta property=\"article:modified_time\" content=\"2020-10-19T07:08:17+00:00\" \/>\n<meta property=\"og:image\" content=\"https:\/\/www.visim.eu\/wp-content\/uploads\/2021\/11\/Castel-Hoertenberg-3d-Modell-low.jpg\" \/>\n\t<meta property=\"og:image:width\" content=\"2000\" \/>\n\t<meta property=\"og:image:height\" content=\"1111\" \/>\n\t<meta property=\"og:image:type\" content=\"image\/jpeg\" \/>\n<meta name=\"twitter:card\" content=\"summary_large_image\" \/>\n<meta name=\"twitter:label1\" content=\"Tempo di lettura stimato\" \/>\n\t<meta name=\"twitter:data1\" content=\"4 minuti\" \/>\n<script type=\"application\/ld+json\" class=\"yoast-schema-graph\">{\"@context\":\"https:\\\/\\\/schema.org\",\"@graph\":[{\"@type\":\"WebPage\",\"@id\":\"https:\\\/\\\/www.visim.eu\\\/it\\\/privacy-it\\\/\",\"url\":\"https:\\\/\\\/www.visim.eu\\\/it\\\/privacy-it\\\/\",\"name\":\"Privacy I - visim.eu\",\"isPartOf\":{\"@id\":\"https:\\\/\\\/www.visim.eu\\\/#website\"},\"datePublished\":\"2019-10-27T15:40:42+00:00\",\"dateModified\":\"2020-10-19T07:08:17+00:00\",\"breadcrumb\":{\"@id\":\"https:\\\/\\\/www.visim.eu\\\/it\\\/privacy-it\\\/#breadcrumb\"},\"inLanguage\":\"it-IT\",\"potentialAction\":[{\"@type\":\"ReadAction\",\"target\":[\"https:\\\/\\\/www.visim.eu\\\/it\\\/privacy-it\\\/\"]}]},{\"@type\":\"BreadcrumbList\",\"@id\":\"https:\\\/\\\/www.visim.eu\\\/it\\\/privacy-it\\\/#breadcrumb\",\"itemListElement\":[{\"@type\":\"ListItem\",\"position\":1,\"name\":\"Startseite\",\"item\":\"https:\\\/\\\/www.visim.eu\\\/it\\\/\"},{\"@type\":\"ListItem\",\"position\":2,\"name\":\"Privacy I\"}]},{\"@type\":\"WebSite\",\"@id\":\"https:\\\/\\\/www.visim.eu\\\/#website\",\"url\":\"https:\\\/\\\/www.visim.eu\\\/\",\"name\":\"Visim.eu\",\"description\":\"\",\"publisher\":{\"@id\":\"https:\\\/\\\/www.visim.eu\\\/#organization\"},\"alternateName\":\"Visim.eu\",\"potentialAction\":[{\"@type\":\"SearchAction\",\"target\":{\"@type\":\"EntryPoint\",\"urlTemplate\":\"https:\\\/\\\/www.visim.eu\\\/?s={search_term_string}\"},\"query-input\":{\"@type\":\"PropertyValueSpecification\",\"valueRequired\":true,\"valueName\":\"search_term_string\"}}],\"inLanguage\":\"it-IT\"},{\"@type\":\"Organization\",\"@id\":\"https:\\\/\\\/www.visim.eu\\\/#organization\",\"name\":\"Visim.eu\",\"url\":\"https:\\\/\\\/www.visim.eu\\\/\",\"logo\":{\"@type\":\"ImageObject\",\"inLanguage\":\"it-IT\",\"@id\":\"https:\\\/\\\/www.visim.eu\\\/#\\\/schema\\\/logo\\\/image\\\/\",\"url\":\"https:\\\/\\\/www.visim.eu\\\/wp-content\\\/uploads\\\/2025\\\/06\\\/visim-Logo-quadratisch.png\",\"contentUrl\":\"https:\\\/\\\/www.visim.eu\\\/wp-content\\\/uploads\\\/2025\\\/06\\\/visim-Logo-quadratisch.png\",\"width\":558,\"height\":558,\"caption\":\"Visim.eu\"},\"image\":{\"@id\":\"https:\\\/\\\/www.visim.eu\\\/#\\\/schema\\\/logo\\\/image\\\/\"},\"sameAs\":[\"https:\\\/\\\/www.facebook.com\\\/visim.eu\",\"https:\\\/\\\/www.linkedin.com\\\/company\\\/visim-eu\"],\"email\":\"info@visim.eu\",\"telephone\":\"0039 0471 362083\",\"foundingDate\":\"2020-01-01\"}]}<\/script>\n<!-- \/ Yoast SEO Premium plugin. -->","yoast_head_json":{"title":"Privacy I - visim.eu","robots":{"index":"index","follow":"follow","max-snippet":"max-snippet:-1","max-image-preview":"max-image-preview:large","max-video-preview":"max-video-preview:-1"},"canonical":"https:\/\/www.visim.eu\/it\/privacy-it\/","og_locale":"it_IT","og_type":"article","og_title":"Privacy I","og_description":"Informativa sulla privacy Generalit\u00e0\u2028Norbert Gasser ha sviluppato questa informativa sulla privacy Internet al fine di conformare la propria attivit\u00e0 a quella di [&hellip;]","og_url":"https:\/\/www.visim.eu\/it\/privacy-it\/","og_site_name":"visim.eu","article_publisher":"https:\/\/www.facebook.com\/visim.eu","article_modified_time":"2020-10-19T07:08:17+00:00","og_image":[{"width":2000,"height":1111,"url":"https:\/\/www.visim.eu\/wp-content\/uploads\/2021\/11\/Castel-Hoertenberg-3d-Modell-low.jpg","type":"image\/jpeg"}],"twitter_card":"summary_large_image","twitter_misc":{"Tempo di lettura stimato":"4 minuti"},"schema":{"@context":"https:\/\/schema.org","@graph":[{"@type":"WebPage","@id":"https:\/\/www.visim.eu\/it\/privacy-it\/","url":"https:\/\/www.visim.eu\/it\/privacy-it\/","name":"Privacy I - visim.eu","isPartOf":{"@id":"https:\/\/www.visim.eu\/#website"},"datePublished":"2019-10-27T15:40:42+00:00","dateModified":"2020-10-19T07:08:17+00:00","breadcrumb":{"@id":"https:\/\/www.visim.eu\/it\/privacy-it\/#breadcrumb"},"inLanguage":"it-IT","potentialAction":[{"@type":"ReadAction","target":["https:\/\/www.visim.eu\/it\/privacy-it\/"]}]},{"@type":"BreadcrumbList","@id":"https:\/\/www.visim.eu\/it\/privacy-it\/#breadcrumb","itemListElement":[{"@type":"ListItem","position":1,"name":"Startseite","item":"https:\/\/www.visim.eu\/it\/"},{"@type":"ListItem","position":2,"name":"Privacy I"}]},{"@type":"WebSite","@id":"https:\/\/www.visim.eu\/#website","url":"https:\/\/www.visim.eu\/","name":"Visim.eu","description":"","publisher":{"@id":"https:\/\/www.visim.eu\/#organization"},"alternateName":"Visim.eu","potentialAction":[{"@type":"SearchAction","target":{"@type":"EntryPoint","urlTemplate":"https:\/\/www.visim.eu\/?s={search_term_string}"},"query-input":{"@type":"PropertyValueSpecification","valueRequired":true,"valueName":"search_term_string"}}],"inLanguage":"it-IT"},{"@type":"Organization","@id":"https:\/\/www.visim.eu\/#organization","name":"Visim.eu","url":"https:\/\/www.visim.eu\/","logo":{"@type":"ImageObject","inLanguage":"it-IT","@id":"https:\/\/www.visim.eu\/#\/schema\/logo\/image\/","url":"https:\/\/www.visim.eu\/wp-content\/uploads\/2025\/06\/visim-Logo-quadratisch.png","contentUrl":"https:\/\/www.visim.eu\/wp-content\/uploads\/2025\/06\/visim-Logo-quadratisch.png","width":558,"height":558,"caption":"Visim.eu"},"image":{"@id":"https:\/\/www.visim.eu\/#\/schema\/logo\/image\/"},"sameAs":["https:\/\/www.facebook.com\/visim.eu","https:\/\/www.linkedin.com\/company\/visim-eu"],"email":"info@visim.eu","telephone":"0039 0471 362083","foundingDate":"2020-01-01"}]}},"_links":{"self":[{"href":"https:\/\/www.visim.eu\/it\/wp-json\/wp\/v2\/pages\/150","targetHints":{"allow":["GET"]}}],"collection":[{"href":"https:\/\/www.visim.eu\/it\/wp-json\/wp\/v2\/pages"}],"about":[{"href":"https:\/\/www.visim.eu\/it\/wp-json\/wp\/v2\/types\/page"}],"author":[{"embeddable":true,"href":"https:\/\/www.visim.eu\/it\/wp-json\/wp\/v2\/users\/1"}],"replies":[{"embeddable":true,"href":"https:\/\/www.visim.eu\/it\/wp-json\/wp\/v2\/comments?post=150"}],"version-history":[{"count":6,"href":"https:\/\/www.visim.eu\/it\/wp-json\/wp\/v2\/pages\/150\/revisions"}],"predecessor-version":[{"id":3576,"href":"https:\/\/www.visim.eu\/it\/wp-json\/wp\/v2\/pages\/150\/revisions\/3576"}],"wp:attachment":[{"href":"https:\/\/www.visim.eu\/it\/wp-json\/wp\/v2\/media?parent=150"}],"curies":[{"name":"wp","href":"https:\/\/api.w.org\/{rel}","templated":true}]}}